{"id":528,"date":"2025-07-03T10:26:22","date_gmt":"2025-07-03T10:26:22","guid":{"rendered":"https:\/\/facestreampro.com\/?page_id=528"},"modified":"2025-07-03T10:36:01","modified_gmt":"2025-07-03T10:36:01","slug":"aboutus","status":"publish","type":"page","link":"https:\/\/facestreampro.com\/index.php\/aboutus\/","title":{"rendered":"AboutUs"},"content":{"rendered":"\t\t<div data-elementor-type=\"wp-page\" data-elementor-id=\"528\" class=\"elementor elementor-528\">\n\t\t\t\t<div class=\"elementor-element elementor-element-c107a16 e-flex e-con-boxed e-con e-parent\" data-id=\"c107a16\" data-element_type=\"container\" data-settings=\"{&quot;background_background&quot;:&quot;classic&quot;}\">\n\t\t\t\t\t<div class=\"e-con-inner\">\n\t\t<div class=\"elementor-element elementor-element-5856d0a e-con-full e-flex e-con e-child\" data-id=\"5856d0a\" data-element_type=\"container\">\n\t\t\t\t<div class=\"elementor-element elementor-element-c91141d elementor-widget elementor-widget-image\" data-id=\"c91141d\" data-element_type=\"widget\" data-widget_type=\"image.default\">\n\t\t\t\t<div class=\"elementor-widget-container\">\n\t\t\t<style>\/*! elementor - v3.21.0 - 08-05-2024 *\/\n.elementor-widget-image{text-align:center}.elementor-widget-image a{display:inline-block}.elementor-widget-image a img[src$=\".svg\"]{width:48px}.elementor-widget-image img{vertical-align:middle;display:inline-block}<\/style>\t\t\t\t\t\t\t\t\t\t<img fetchpriority=\"high\" decoding=\"async\" width=\"808\" height=\"219\" src=\"https:\/\/facestreampro.com\/wp-content\/uploads\/2024\/05\/FACESTREAM-BANNER-ORIZZONTALE-TRANSPARENT.png\" class=\"attachment-full size-full wp-image-128\" alt=\"\" srcset=\"https:\/\/facestreampro.com\/wp-content\/uploads\/2024\/05\/FACESTREAM-BANNER-ORIZZONTALE-TRANSPARENT.png 808w, https:\/\/facestreampro.com\/wp-content\/uploads\/2024\/05\/FACESTREAM-BANNER-ORIZZONTALE-TRANSPARENT-300x81.png 300w, https:\/\/facestreampro.com\/wp-content\/uploads\/2024\/05\/FACESTREAM-BANNER-ORIZZONTALE-TRANSPARENT-768x208.png 768w\" sizes=\"(max-width: 808px) 100vw, 808px\" \/>\t\t\t\t\t\t\t\t\t\t\t\t\t<\/div>\n\t\t\t\t<\/div>\n\t\t\t\t<div class=\"elementor-element elementor-element-7f3d6c8 elementor-widget elementor-widget-heading\" data-id=\"7f3d6c8\" data-element_type=\"widget\" data-widget_type=\"heading.default\">\n\t\t\t\t<div class=\"elementor-widget-container\">\n\t\t\t<style>\/*! elementor - v3.21.0 - 08-05-2024 *\/\n.elementor-heading-title{padding:0;margin:0;line-height:1}.elementor-widget-heading .elementor-heading-title[class*=elementor-size-]>a{color:inherit;font-size:inherit;line-height:inherit}.elementor-widget-heading .elementor-heading-title.elementor-size-small{font-size:15px}.elementor-widget-heading .elementor-heading-title.elementor-size-medium{font-size:19px}.elementor-widget-heading .elementor-heading-title.elementor-size-large{font-size:29px}.elementor-widget-heading .elementor-heading-title.elementor-size-xl{font-size:39px}.elementor-widget-heading .elementor-heading-title.elementor-size-xxl{font-size:59px}<\/style><h3 class=\"elementor-heading-title elementor-size-default\">Ottieni tutti i Canali TV, Film e Serie con soli 10\u20ac al mese<\/h3>\t\t<\/div>\n\t\t\t\t<\/div>\n\t\t\t\t<div class=\"elementor-element elementor-element-d1e86a5 elementor-widget elementor-widget-image\" data-id=\"d1e86a5\" data-element_type=\"widget\" data-widget_type=\"image.default\">\n\t\t\t\t<div class=\"elementor-widget-container\">\n\t\t\t\t\t\t\t\t\t\t\t\t\t<img decoding=\"async\" width=\"767\" height=\"431\" src=\"https:\/\/facestreampro.com\/wp-content\/uploads\/2024\/05\/iptv-television-channel-set-top-box-android-tv-others-bfb20be8a5d9a72195465f5869df4dad.png\" class=\"attachment-medium_large size-medium_large wp-image-315\" alt=\"\" srcset=\"https:\/\/facestreampro.com\/wp-content\/uploads\/2024\/05\/iptv-television-channel-set-top-box-android-tv-others-bfb20be8a5d9a72195465f5869df4dad.png 767w, https:\/\/facestreampro.com\/wp-content\/uploads\/2024\/05\/iptv-television-channel-set-top-box-android-tv-others-bfb20be8a5d9a72195465f5869df4dad-300x169.png 300w\" sizes=\"(max-width: 767px) 100vw, 767px\" \/>\t\t\t\t\t\t\t\t\t\t\t\t\t<\/div>\n\t\t\t\t<\/div>\n\t\t\t\t<div class=\"elementor-element elementor-element-3918da5 elementor-widget elementor-widget-heading\" data-id=\"3918da5\" data-element_type=\"widget\" data-widget_type=\"heading.default\">\n\t\t\t\t<div class=\"elementor-widget-container\">\n\t\t\t<h4 class=\"elementor-heading-title elementor-size-default\">Pagamento sicuro con i <a href=\"https:\/\/driffle.com\/sale\/giftcard\/azte.co\" target=\"_blank\"><font color=\"red\">VOUCHER <\/font><\/a>e attivazione veloce.<br><br><\/h4>\t\t<\/div>\n\t\t\t\t<\/div>\n\t\t\t\t<div class=\"elementor-element elementor-element-3394c65 elementor-mobile-align-center elementor-widget-mobile__width-initial elementor-align-center elementor-widget elementor-widget-button\" data-id=\"3394c65\" data-element_type=\"widget\" data-widget_type=\"button.default\">\n\t\t\t\t<div class=\"elementor-widget-container\">\n\t\t\t\t\t<div class=\"elementor-button-wrapper\">\n\t\t\t<a class=\"elementor-button elementor-button-link elementor-size-sm\" href=\"#abbonamenti\">\n\t\t\t\t\t\t<span class=\"elementor-button-content-wrapper\">\n\t\t\t\t\t\t\t\t\t<span class=\"elementor-button-text\">ABBONATI ORA<\/span>\n\t\t\t\t\t<\/span>\n\t\t\t\t\t<\/a>\n\t\t<\/div>\n\t\t\t\t<\/div>\n\t\t\t\t<\/div>\n\t\t\t\t<div class=\"elementor-element elementor-element-2ac3b6f elementor-widget elementor-widget-spacer\" data-id=\"2ac3b6f\" data-element_type=\"widget\" data-widget_type=\"spacer.default\">\n\t\t\t\t<div class=\"elementor-widget-container\">\n\t\t\t<style>\/*! elementor - v3.21.0 - 08-05-2024 *\/\n.elementor-column .elementor-spacer-inner{height:var(--spacer-size)}.e-con{--container-widget-width:100%}.e-con-inner>.elementor-widget-spacer,.e-con>.elementor-widget-spacer{width:var(--container-widget-width,var(--spacer-size));--align-self:var(--container-widget-align-self,initial);--flex-shrink:0}.e-con-inner>.elementor-widget-spacer>.elementor-widget-container,.e-con>.elementor-widget-spacer>.elementor-widget-container{height:100%;width:100%}.e-con-inner>.elementor-widget-spacer>.elementor-widget-container>.elementor-spacer,.e-con>.elementor-widget-spacer>.elementor-widget-container>.elementor-spacer{height:100%}.e-con-inner>.elementor-widget-spacer>.elementor-widget-container>.elementor-spacer>.elementor-spacer-inner,.e-con>.elementor-widget-spacer>.elementor-widget-container>.elementor-spacer>.elementor-spacer-inner{height:var(--container-widget-height,var(--spacer-size))}.e-con-inner>.elementor-widget-spacer.elementor-widget-empty,.e-con>.elementor-widget-spacer.elementor-widget-empty{position:relative;min-height:22px;min-width:22px}.e-con-inner>.elementor-widget-spacer.elementor-widget-empty .elementor-widget-empty-icon,.e-con>.elementor-widget-spacer.elementor-widget-empty .elementor-widget-empty-icon{position:absolute;top:0;bottom:0;left:0;right:0;margin:auto;padding:0;width:22px;height:22px}<\/style>\t\t<div class=\"elementor-spacer\">\n\t\t\t<div class=\"elementor-spacer-inner\"><\/div>\n\t\t<\/div>\n\t\t\t\t<\/div>\n\t\t\t\t<\/div>\n\t\t\t\t<\/div>\n\t\t\t\t\t<\/div>\n\t\t\t\t<\/div>\n\t\t<div class=\"elementor-element elementor-element-9073fcd e-flex e-con-boxed e-con e-parent\" data-id=\"9073fcd\" data-element_type=\"container\" data-settings=\"{&quot;background_background&quot;:&quot;classic&quot;}\">\n\t\t\t\t\t<div class=\"e-con-inner\">\n\t\t\t\t<div class=\"elementor-element elementor-element-da96145 elementor-widget elementor-widget-spacer\" data-id=\"da96145\" data-element_type=\"widget\" data-widget_type=\"spacer.default\">\n\t\t\t\t<div class=\"elementor-widget-container\">\n\t\t\t\t\t<div class=\"elementor-spacer\">\n\t\t\t<div class=\"elementor-spacer-inner\"><\/div>\n\t\t<\/div>\n\t\t\t\t<\/div>\n\t\t\t\t<\/div>\n\t\t\t\t<div class=\"elementor-element elementor-element-261c23e elementor-widget elementor-widget-heading\" data-id=\"261c23e\" data-element_type=\"widget\" data-widget_type=\"heading.default\">\n\t\t\t\t<div class=\"elementor-widget-container\">\n\t\t\t<h2 class=\"elementor-heading-title elementor-size-default\">Chi siamo<\/h2>\t\t<\/div>\n\t\t\t\t<\/div>\n\t\t\t\t<div class=\"elementor-element elementor-element-99a605d elementor-widget elementor-widget-spacer\" data-id=\"99a605d\" data-element_type=\"widget\" data-widget_type=\"spacer.default\">\n\t\t\t\t<div class=\"elementor-widget-container\">\n\t\t\t\t\t<div class=\"elementor-spacer\">\n\t\t\t<div class=\"elementor-spacer-inner\"><\/div>\n\t\t<\/div>\n\t\t\t\t<\/div>\n\t\t\t\t<\/div>\n\t\t\t\t\t<\/div>\n\t\t\t\t<\/div>\n\t\t<div class=\"elementor-element elementor-element-5697b9f e-flex e-con-boxed e-con e-parent\" data-id=\"5697b9f\" data-element_type=\"container\">\n\t\t\t\t\t<div class=\"e-con-inner\">\n\t\t\t\t<div class=\"elementor-element elementor-element-585ee8d elementor-widget elementor-widget-text-editor\" data-id=\"585ee8d\" data-element_type=\"widget\" data-widget_type=\"text-editor.default\">\n\t\t\t\t<div class=\"elementor-widget-container\">\n\t\t\t<style>\/*! elementor - v3.21.0 - 08-05-2024 *\/\n.elementor-widget-text-editor.elementor-drop-cap-view-stacked .elementor-drop-cap{background-color:#69727d;color:#fff}.elementor-widget-text-editor.elementor-drop-cap-view-framed .elementor-drop-cap{color:#69727d;border:3px solid;background-color:transparent}.elementor-widget-text-editor:not(.elementor-drop-cap-view-default) .elementor-drop-cap{margin-top:8px}.elementor-widget-text-editor:not(.elementor-drop-cap-view-default) .elementor-drop-cap-letter{width:1em;height:1em}.elementor-widget-text-editor .elementor-drop-cap{float:left;text-align:center;line-height:1;font-size:50px}.elementor-widget-text-editor .elementor-drop-cap-letter{display:inline-block}<\/style>\t\t\t\t<h4>Chi siamo<\/h4><p><span style=\"color: #000000;\"><strong data-start=\"131\" data-end=\"149\">Palumbo S.r.l.<\/strong> \u00e8 un\u2019azienda italiana operante nel settore tecnologico, specializzata nello sviluppo di soluzioni innovative per privati, aziende e pubbliche amministrazioni. Grazie a una solida esperienza e a un team altamente qualificato, offriamo servizi che spaziano dall\u2019infrastruttura IT al software su misura, fino all\u2019assistenza tecnica e alla consulenza strategica.<\/span><\/p><p><span style=\"color: #000000;\">Fondata con l\u2019obiettivo di rendere la tecnologia accessibile, efficiente e sostenibile, <strong data-start=\"598\" data-end=\"616\">Palumbo S.r.l.<\/strong> \u00e8 il partner ideale per chi cerca affidabilit\u00e0, performance e innovazione.<br \/><\/span><\/p><h4 data-start=\"698\" data-end=\"715\"><span style=\"color: #000000;\">Dati Societari<\/span><\/h4><ul data-start=\"717\" data-end=\"1245\"><li data-start=\"151\" data-end=\"190\"><p data-start=\"153\" data-end=\"190\"><span style=\"color: #000000;\"><strong data-start=\"153\" data-end=\"172\">Ragione Sociale<\/strong>: Palumbo S.r.l.<\/span><\/p><\/li><li data-start=\"191\" data-end=\"258\"><p data-start=\"193\" data-end=\"258\"><span style=\"color: #000000;\"><strong data-start=\"193\" data-end=\"212\">Forma giuridica<\/strong>: Societ\u00e0 a responsabilit\u00e0 limitata (S.r.l.)<\/span><\/p><\/li><li data-start=\"259\" data-end=\"291\"><p data-start=\"261\" data-end=\"291\"><span style=\"color: #000000;\"><strong data-start=\"261\" data-end=\"276\">Partita IVA<\/strong>: 12345678901<\/span><\/p><\/li><li data-start=\"292\" data-end=\"345\"><p data-start=\"294\" data-end=\"345\"><span style=\"color: #000000;\"><strong data-start=\"294\" data-end=\"327\">Numero REA \/ Registro Imprese<\/strong>: RM-2023-987654<\/span><\/p><\/li><li data-start=\"346\" data-end=\"417\"><p data-start=\"348\" data-end=\"417\"><span style=\"color: #000000;\"><strong data-start=\"348\" data-end=\"363\">Sede Legale<\/strong>: Via Alessandro Volta, 42 \u2013 00146 Roma (RM), Italia<\/span><\/p><\/li><li data-start=\"418\" data-end=\"452\"><p data-start=\"420\" data-end=\"452\"><span style=\"color: #000000;\"><strong data-start=\"420\" data-end=\"432\">Telefono<\/strong>: +39 06 1234 5678<\/span><\/p><\/li><li data-start=\"453\" data-end=\"487\"><p data-start=\"455\" data-end=\"487\"><span style=\"color: #000000;\"><strong data-start=\"455\" data-end=\"464\">Email<\/strong>: <a class=\"cursor-pointer\" style=\"color: #000000;\" rel=\"noopener\" data-start=\"466\" data-end=\"485\">info@facestreampro.com<\/a><\/span><\/p><\/li><li data-start=\"519\" data-end=\"558\"><p data-start=\"521\" data-end=\"558\"><span style=\"color: #000000;\"><strong data-start=\"521\" data-end=\"541\">Capitale Sociale<\/strong>: \u20ac10.000,00 i.v.<\/span><\/p><\/li><\/ul><hr data-start=\"1247\" data-end=\"1250\" \/><h4 data-start=\"1252\" data-end=\"1272\"><span style=\"color: #000000;\">Il Nostro Impegno<\/span><\/h4><p><span style=\"color: #000000;\"><strong data-start=\"1274\" data-end=\"1292\">Palumbo S.r.l.<\/strong> si impegna ogni giorno per offrire soluzioni tecnologiche avanzate, sicure e su misura per ogni esigenza. Operiamo con seriet\u00e0, trasparenza e rispetto delle normative, garantendo ai nostri clienti qualit\u00e0, tempestivit\u00e0 e assistenza continua.<\/span><\/p><p><span style=\"color: #000000;\">L\u2019innovazione \u00e8 il motore che guida il nostro lavoro, e la fiducia dei nostri clienti \u00e8 la nostra pi\u00f9 grande soddisfazione.<\/span><\/p><p><span style=\"color: #000000;\">\u00a0<\/span><\/p>\t\t\t\t\t\t<\/div>\n\t\t\t\t<\/div>\n\t\t\t\t\t<\/div>\n\t\t\t\t<\/div>\n\t\t<div class=\"elementor-element elementor-element-1b5dca1 e-flex e-con-boxed e-con e-parent\" data-id=\"1b5dca1\" data-element_type=\"container\">\n\t\t\t\t\t<div class=\"e-con-inner\">\n\t\t\t\t<div class=\"elementor-element elementor-element-3f8a058 elementor-widget elementor-widget-spacer\" data-id=\"3f8a058\" data-element_type=\"widget\" data-widget_type=\"spacer.default\">\n\t\t\t\t<div class=\"elementor-widget-container\">\n\t\t\t\t\t<div class=\"elementor-spacer\">\n\t\t\t<div class=\"elementor-spacer-inner\"><\/div>\n\t\t<\/div>\n\t\t\t\t<\/div>\n\t\t\t\t<\/div>\n\t\t\t\t\t<\/div>\n\t\t\t\t<\/div>\n\t\t<div class=\"elementor-element elementor-element-f62015e e-flex e-con-boxed e-con e-parent\" data-id=\"f62015e\" data-element_type=\"container\" data-settings=\"{&quot;background_background&quot;:&quot;classic&quot;}\">\n\t\t\t\t\t<div class=\"e-con-inner\">\n\t\t\t\t<div class=\"elementor-element elementor-element-1d88e6a elementor-widget elementor-widget-spacer\" data-id=\"1d88e6a\" data-element_type=\"widget\" data-widget_type=\"spacer.default\">\n\t\t\t\t<div class=\"elementor-widget-container\">\n\t\t\t\t\t<div class=\"elementor-spacer\">\n\t\t\t<div class=\"elementor-spacer-inner\"><\/div>\n\t\t<\/div>\n\t\t\t\t<\/div>\n\t\t\t\t<\/div>\n\t\t\t\t<div class=\"elementor-element elementor-element-a1ee8c8 elementor-widget elementor-widget-heading\" data-id=\"a1ee8c8\" data-element_type=\"widget\" data-widget_type=\"heading.default\">\n\t\t\t\t<div class=\"elementor-widget-container\">\n\t\t\t<h2 class=\"elementor-heading-title elementor-size-default\">Contattaci<\/h2>\t\t<\/div>\n\t\t\t\t<\/div>\n\t\t\t\t\t<\/div>\n\t\t\t\t<\/div>\n\t\t<div class=\"elementor-element elementor-element-2282375 e-flex e-con-boxed e-con e-parent\" data-id=\"2282375\" data-element_type=\"container\" data-settings=\"{&quot;background_background&quot;:&quot;classic&quot;}\">\n\t\t\t\t\t<div class=\"e-con-inner\">\n\t\t<div class=\"elementor-element elementor-element-6de333f e-con-full e-flex e-con e-child\" data-id=\"6de333f\" data-element_type=\"container\">\n\t\t\t\t<div class=\"elementor-element elementor-element-4975d68 elementor-mobile-align-center elementor-widget-mobile__width-initial elementor-align-right elementor-widget elementor-widget-button\" data-id=\"4975d68\" data-element_type=\"widget\" data-widget_type=\"button.default\">\n\t\t\t\t<div class=\"elementor-widget-container\">\n\t\t\t\t\t<div class=\"elementor-button-wrapper\">\n\t\t\t<a class=\"elementor-button elementor-button-link elementor-size-sm\" href=\"https:\/\/t.me\/FaceStream\">\n\t\t\t\t\t\t<span class=\"elementor-button-content-wrapper\">\n\t\t\t\t\t\t<span class=\"elementor-button-icon elementor-align-icon-left\">\n\t\t\t\t<svg aria-hidden=\"true\" class=\"e-font-icon-svg e-fab-telegram\" viewBox=\"0 0 496 512\" xmlns=\"http:\/\/www.w3.org\/2000\/svg\"><path d=\"M248 8C111 8 0 119 0 256s111 248 248 248 248-111 248-248S385 8 248 8zm121.8 169.9l-40.7 191.8c-3 13.6-11.1 16.9-22.4 10.5l-62-45.7-29.9 28.8c-3.3 3.3-6.1 6.1-12.5 6.1l4.4-63.1 114.9-103.8c5-4.4-1.1-6.9-7.7-2.5l-142 89.4-61.2-19.1c-13.3-4.2-13.6-13.3 2.8-19.7l239.1-92.2c11.1-4 20.8 2.7 17.2 19.5z\"><\/path><\/svg>\t\t\t<\/span>\n\t\t\t\t\t\t\t\t\t<span class=\"elementor-button-text\">TELEGRAM<\/span>\n\t\t\t\t\t<\/span>\n\t\t\t\t\t<\/a>\n\t\t<\/div>\n\t\t\t\t<\/div>\n\t\t\t\t<\/div>\n\t\t\t\t<\/div>\n\t\t<div class=\"elementor-element elementor-element-bfae1fe e-con-full e-flex e-con e-child\" data-id=\"bfae1fe\" data-element_type=\"container\">\n\t\t\t\t<div class=\"elementor-element elementor-element-74352e0 elementor-mobile-align-center elementor-widget-mobile__width-initial elementor-align-left elementor-widget elementor-widget-button\" data-id=\"74352e0\" data-element_type=\"widget\" data-widget_type=\"button.default\">\n\t\t\t\t<div class=\"elementor-widget-container\">\n\t\t\t\t\t<div class=\"elementor-button-wrapper\">\n\t\t\t<a class=\"elementor-button elementor-button-link elementor-size-sm\" href=\"https:\/\/wa.me\/380688171212\">\n\t\t\t\t\t\t<span class=\"elementor-button-content-wrapper\">\n\t\t\t\t\t\t<span class=\"elementor-button-icon elementor-align-icon-left\">\n\t\t\t\t<svg aria-hidden=\"true\" class=\"e-font-icon-svg e-fab-whatsapp\" viewBox=\"0 0 448 512\" xmlns=\"http:\/\/www.w3.org\/2000\/svg\"><path d=\"M380.9 97.1C339 55.1 283.2 32 223.9 32c-122.4 0-222 99.6-222 222 0 39.1 10.2 77.3 29.6 111L0 480l117.7-30.9c32.4 17.7 68.9 27 106.1 27h.1c122.3 0 224.1-99.6 224.1-222 0-59.3-25.2-115-67.1-157zm-157 341.6c-33.2 0-65.7-8.9-94-25.7l-6.7-4-69.8 18.3L72 359.2l-4.4-7c-18.5-29.4-28.2-63.3-28.2-98.2 0-101.7 82.8-184.5 184.6-184.5 49.3 0 95.6 19.2 130.4 54.1 34.8 34.9 56.2 81.2 56.1 130.5 0 101.8-84.9 184.6-186.6 184.6zm101.2-138.2c-5.5-2.8-32.8-16.2-37.9-18-5.1-1.9-8.8-2.8-12.5 2.8-3.7 5.6-14.3 18-17.6 21.8-3.2 3.7-6.5 4.2-12 1.4-32.6-16.3-54-29.1-75.5-66-5.7-9.8 5.7-9.1 16.3-30.3 1.8-3.7.9-6.9-.5-9.7-1.4-2.8-12.5-30.1-17.1-41.2-4.5-10.8-9.1-9.3-12.5-9.5-3.2-.2-6.9-.2-10.6-.2-3.7 0-9.7 1.4-14.8 6.9-5.1 5.6-19.4 19-19.4 46.3 0 27.3 19.9 53.7 22.6 57.4 2.8 3.7 39.1 59.7 94.8 83.8 35.2 15.2 49 16.5 66.6 13.9 10.7-1.6 32.8-13.4 37.4-26.4 4.6-13 4.6-24.1 3.2-26.4-1.3-2.5-5-3.9-10.5-6.6z\"><\/path><\/svg>\t\t\t<\/span>\n\t\t\t\t\t\t\t\t\t<span class=\"elementor-button-text\">WHATSAPP<\/span>\n\t\t\t\t\t<\/span>\n\t\t\t\t\t<\/a>\n\t\t<\/div>\n\t\t\t\t<\/div>\n\t\t\t\t<\/div>\n\t\t\t\t<\/div>\n\t\t\t\t\t<\/div>\n\t\t\t\t<\/div>\n\t\t<div class=\"elementor-element elementor-element-5d885e0 e-flex e-con-boxed e-con e-parent\" data-id=\"5d885e0\" data-element_type=\"container\">\n\t\t\t\t\t<div class=\"e-con-inner\">\n\t\t\t\t<div class=\"elementor-element elementor-element-fd13ccb elementor-widget elementor-widget-html\" data-id=\"fd13ccb\" data-element_type=\"widget\" data-widget_type=\"html.default\">\n\t\t\t\t<div class=\"elementor-widget-container\">\n\t\t\t\n  <center> <a style=\"color:white\" href=\"\/index.php\/privacy\/\">Privacy Policy<\/a> |\n    <a  style=\"color:white\" href=\"\/index.php\/termini-e-condizioni\/\">Termini & Condizioni<\/a> |\n    <a  style=\"color:white\" href=\"\/index.php\/cookie-policy\/\">Cookie Policy<\/a>\n <\/center> \t\t<\/div>\n\t\t\t\t<\/div>\n\t\t\t\t\t<\/div>\n\t\t\t\t<\/div>\n\t\t<div class=\"elementor-element elementor-element-79945c05 e-flex e-con-boxed e-con e-parent\" data-id=\"79945c05\" data-element_type=\"container\" data-settings=\"{&quot;background_background&quot;:&quot;classic&quot;}\">\n\t\t\t\t\t<div class=\"e-con-inner\">\n\t\t\t\t<div class=\"elementor-element elementor-element-705ca974 elementor-widget elementor-widget-text-editor\" data-id=\"705ca974\" data-element_type=\"widget\" data-widget_type=\"text-editor.default\">\n\t\t\t\t<div class=\"elementor-widget-container\">\n\t\t\t\t\t\t\t<p>\u00a9 2024 FACESTREAM PRO<\/p>\t\t\t\t\t\t<\/div>\n\t\t\t\t<\/div>\n\t\t\t\t\t<\/div>\n\t\t\t\t<\/div>\n\t\t\t\t<\/div>\n\t\t","protected":false},"excerpt":{"rendered":"<p>Ottieni tutti i Canali TV, Film e Serie con soli 10\u20ac al mese Pagamento sicuro con i VOUCHER e attivazione veloce. ABBONATI ORA Chi siamo Chi siamo Palumbo S.r.l. \u00e8 un\u2019azienda italiana operante nel settore tecnologico, specializzata nello sviluppo di soluzioni innovative per privati, aziende e pubbliche amministrazioni. Grazie a una solida esperienza e a [&hellip;]<\/p>\n","protected":false},"author":2,"featured_media":0,"parent":0,"menu_order":0,"comment_status":"closed","ping_status":"closed","template":"elementor_canvas","meta":{"footnotes":""},"class_list":["post-528","page","type-page","status-publish","hentry"],"_links":{"self":[{"href":"https:\/\/facestreampro.com\/index.php\/wp-json\/wp\/v2\/pages\/528","targetHints":{"allow":["GET"]}}],"collection":[{"href":"https:\/\/facestreampro.com\/index.php\/wp-json\/wp\/v2\/pages"}],"about":[{"href":"https:\/\/facestreampro.com\/index.php\/wp-json\/wp\/v2\/types\/page"}],"author":[{"embeddable":true,"href":"https:\/\/facestreampro.com\/index.php\/wp-json\/wp\/v2\/users\/2"}],"replies":[{"embeddable":true,"href":"https:\/\/facestreampro.com\/index.php\/wp-json\/wp\/v2\/comments?post=528"}],"version-history":[{"count":10,"href":"https:\/\/facestreampro.com\/index.php\/wp-json\/wp\/v2\/pages\/528\/revisions"}],"predecessor-version":[{"id":541,"href":"https:\/\/facestreampro.com\/index.php\/wp-json\/wp\/v2\/pages\/528\/revisions\/541"}],"wp:attachment":[{"href":"https:\/\/facestreampro.com\/index.php\/wp-json\/wp\/v2\/media?parent=528"}],"curies":[{"name":"wp","href":"https:\/\/api.w.org\/{rel}","templated":true}]}}